{"id":8208,"date":"2019-01-11T08:32:35","date_gmt":"2019-01-11T08:32:35","guid":{"rendered":"https:\/\/shinetheme.com\/demosd\/travelhotel\/?page_id=8208"},"modified":"2021-03-25T10:04:38","modified_gmt":"2021-03-25T09:04:38","slug":"become-local-expert","status":"publish","type":"page","link":"https:\/\/lapomverte.com\/index.php\/become-local-expert\/","title":{"rendered":"Devenir partenaire"},"content":{"rendered":"<p>[vc_row full_width=\u00a0\u00bbstretch_row_content_no_spaces\u00a0\u00bb row_fullwidth=\u00a0\u00bbyes\u00a0\u00bb css=\u00a0\u00bb.vc_custom_1614617447881{padding-top: 150px !important;padding-bottom: 150px !important;background-image: url(https:\/\/lapomverte.com\/wp-content\/uploads\/2021\/01\/Paysage_Region_Grand_Est-web.jpg?id=9245) !important;background-position: center !important;background-repeat: no-repeat !important;background-size: cover !important;}\u00a0\u00bb el_class=\u00a0\u00bbtext-center st-become-banner\u00a0\u00bb][vc_column][vc_column_text]<\/p>\n<h2 style=\"text-align: center;\"><span style=\"color: #ffffff;\">Vous souhaitez partager votre passion?<\/span><\/h2>\n<h4 style=\"text-align: center;\"><span style=\"color: #ffffff;\">Partager vos experiences.<\/span><\/h4>\n<p>[\/vc_column_text][vc_column_text]<a class=\"signup btn btn-danger btn-lg\" data-toggle=\"modal\" data-target=\"#st-register-form\">Je m&rsquo;inscris<\/a>[\/vc_column_text][\/vc_column][\/vc_row][vc_row][vc_column][vc_empty_space height=\u00a0\u00bb45px\u00a0\u00bb][vc_column_text]<\/p>\n<h2 style=\"text-align: center;\"><strong>Comment \u00e7a marche?<\/strong><\/h2>\n<p>[\/vc_column_text][vc_empty_space height=\u00a0\u00bb10px\u00a0\u00bb][\/vc_column][\/vc_row][vc_row el_class=\u00a0\u00bbst-number-box\u00a0\u00bb][vc_column width=\u00a0\u00bb1\/3&Prime;][vc_row_inner][vc_column_inner width=\u00a0\u00bb1\/4&Prime;][vc_column_text el_class=\u00a0\u00bbst-number-circle\u00a0\u00bb]1[\/vc_column_text][\/vc_column_inner][vc_column_inner width=\u00a0\u00bb3\/4&Prime;][vc_column_text]<\/p>\n<h3>S&rsquo;inscrire<\/h3>\n<p>\u00c9tapes et guide d&rsquo;inscription faciles pour vous aider \u00e0 d\u00e9marrer votre profil[\/vc_column_text][\/vc_column_inner][\/vc_row_inner][\/vc_column][vc_column width=\u00a0\u00bb1\/3&Prime;][vc_row_inner][vc_column_inner width=\u00a0\u00bb1\/4&Prime;][vc_column_text el_class=\u00a0\u00bbst-number-circle\u00a0\u00bb]2[\/vc_column_text][\/vc_column_inner][vc_column_inner width=\u00a0\u00bb3\/4&Prime;][vc_column_text]<\/p>\n<h3>Ajoutez vos services<\/h3>\n<p>D\u00e9finissez l&rsquo;exp\u00e9rience que vous souhaitez partager ou h\u00e9berger. N&rsquo;oubliez pas d&rsquo;avoir le meilleur contenu[\/vc_column_text][\/vc_column_inner][\/vc_row_inner][\/vc_column][vc_column width=\u00a0\u00bb1\/3&Prime;][vc_row_inner][vc_column_inner width=\u00a0\u00bb1\/4&Prime;][vc_column_text el_class=\u00a0\u00bbst-number-circle\u00a0\u00bb]3[\/vc_column_text][\/vc_column_inner][vc_column_inner width=\u00a0\u00bb3\/4&Prime;][vc_column_text]<\/p>\n<h3>Obtenir des r\u00e9servations<\/h3>\n<p>Apr\u00e8s avoir \u00e9t\u00e9 v\u00e9rifi\u00e9, LaPomVerte vous enverra directement les r\u00e9servations.[\/vc_column_text][\/vc_column_inner][\/vc_row_inner][\/vc_column][\/vc_row][vc_row el_class=\u00a0\u00bbst-become-feature-wrapper text-center\u00a0\u00bb][vc_column][vc_empty_space height=\u00a0\u00bb20px\u00a0\u00bb]    <div class=\"st-video style-1 youtube-video not-play\"\r\n         style=\"background: #f1f1f1 url(https:\/\/lapomverte.com\/wp-content\/uploads\/2021\/01\/191006153031-08-pets-and-our-health-exlarge-169-2.jpg) no-repeat center; \">\r\n        <div id=\"bgndVideo\" class=\"player\" data-property=\"{videoURL:'ndTQOZ12OBo',containment:'.youtube-video',autoPlay:true, showControls:false, showYTLogo: false, mute:false, startAt:0, opacity:1, useOnMobile: true}\"><\/div>\r\n        <div class=\"d-table\">\r\n            <div class=\"table-cell\">\r\n                <div class=\"caption\">\r\n                                            <div class=\"title-video\"><p>Partagez la beaut\u00e9 de votre m\u00e9tier<\/p>\n<\/div>\r\n                                        <div class=\"st-play\">\r\n                        <a class=\"btn-play-video play\" href=\"#\"><i class=\"fa fa-play\"><\/i><i\r\n                                    class=\"fa fa-pause\"><\/i><\/a>\r\n                    <\/div>\r\n                <\/div>\r\n            <\/div>\r\n        <\/div>\r\n    <\/div>\r\n    [vc_empty_space height=\u00a0\u00bb40px\u00a0\u00bb][vc_column_text]<\/p>\n<h2 style=\"text-align: center;\"><strong>Pourquoi devenir partenaire ?<\/strong><\/h2>\n<p>[\/vc_column_text][vc_empty_space height=\u00a0\u00bb15px\u00a0\u00bb][vc_row_inner el_class=\u00a0\u00bbst-become-feature text-center\u00a0\u00bb][vc_column_inner el_class=\u00a0\u00bbcolumn1&Prime; width=\u00a0\u00bb1\/3&Prime;][vc_single_image image=\u00a0\u00bb9293&Prime; img_size=\u00a0\u00bbfull\u00a0\u00bb alignment=\u00a0\u00bbcenter\u00a0\u00bb][vc_column_text]<\/p>\n<h3>Faible taux de commission<\/h3>\n<p>[\/vc_column_text][vc_column_text]Avec LaPomVerte, notre objectif est d&rsquo;augmenter les r\u00e9servations directes des voyageurs \u00e0 l&rsquo;h\u00f4te ou au guide. Apprendre les besoins des h\u00f4tes et des guides, cr\u00e9er une plate-forme qui fonctionne facilement pour les deux et cr\u00e9er un environnement d&rsquo;affaires simple.[\/vc_column_text][\/vc_column_inner][vc_column_inner width=\u00a0\u00bb1\/3&Prime;][vc_single_image image=\u00a0\u00bb9292&Prime; img_size=\u00a0\u00bbfull\u00a0\u00bb alignment=\u00a0\u00bbcenter\u00a0\u00bb][vc_column_text]<\/p>\n<h3>Des rencontres inoubliables<\/h3>\n<p>[\/vc_column_text][vc_column_text]Gr\u00e2ce \u00e0 notre exp\u00e9rience dans l&rsquo;industrie du voyage, il est certain que se faire de nouveaux amis passe avant tout. Chez LaPomVerte, nous avons cr\u00e9\u00e9 la plate-forme afin que nous puissions m\u00eame nous faire plus d&rsquo;amis. Avec votre profil, les h\u00f4tes et guides pourront attirer le type d&rsquo;amis qu&rsquo;ils souhaitent avoir. Simplement par le contenu que vous fournissez sur votre profil.[\/vc_column_text][\/vc_column_inner][vc_column_inner width=\u00a0\u00bb1\/3&Prime;][vc_single_image image=\u00a0\u00bb9291&Prime; img_size=\u00a0\u00bbfull\u00a0\u00bb alignment=\u00a0\u00bbcenter\u00a0\u00bb][vc_column_text]<\/p>\n<h3>D\u00e9couverte et apprentissage<\/h3>\n<p>[\/vc_column_text][vc_column_text]De notre point de vue, chez LaPomVerte, nous savons \u00e0 quel point le plein air a \u00e9t\u00e9 crucial pour le monde. Nous savons \u00e0 coup s\u00fbr que les sorties, que ce soit en randonn\u00e9e, dans les champs ou \u00e0 v\u00e9lo, rel\u00e8vent le d\u00e9fi d&rsquo;apprendre. Nous d\u00e9couvrons et apprenons de nouvelles choses lorsque nous explorons. Nous donnons cette opportunit\u00e9 aux h\u00f4tes ou guides de continuer \u00e0 apprendre et \u00e0 d\u00e9couvrir les choses merveilleuses du monde.[\/vc_column_text][\/vc_column_inner][\/vc_row_inner][vc_empty_space height=\u00a0\u00bb15px\u00a0\u00bb][vc_column_text]<a class=\"signup btn btn-danger btn-lg\" data-toggle=\"modal\" data-target=\"#st-register-form\">S&rsquo;inscrire maintenant !<\/a>[\/vc_column_text][vc_empty_space height=\u00a0\u00bb45px\u00a0\u00bb][vc_separator border_width=\u00a0\u00bb2&Prime;][vc_empty_space height=\u00a0\u00bb1px\u00a0\u00bb][vc_column_text]<\/p>\n<h2 style=\"text-align: center;\"><strong>FAQs<\/strong><\/h2>\n<p>[\/vc_column_text][\/vc_column][\/vc_row][vc_row el_class=\u00a0\u00bbst-become-faqs\u00a0\u00bb][vc_column width=\u00a0\u00bb1\/2&Prime;][vc_column_text]<\/p>\n<h3><img loading=\"lazy\" class=\"alignnone size-medium wp-image-9291\" src=\"https:\/\/lapomverte.com\/wp-content\/uploads\/2021\/03\/ico_chat_1-1.svg\" alt=\"\" width=\"1\" height=\"1\" \/> LaPomVerte.<\/h3>\n<p>Nous recherchons \u00e0 ce que nous pourrions introduire dans l&rsquo;industrie du tourisme.Nous avons trouv\u00e9 LaPomVerte. Notre plateforme en ligne qui filtre l&rsquo;exp\u00e9rience des clients en fonction de leur budget. Rejoignez-nous[\/vc_column_text][vc_empty_space height=\u00a0\u00bb20px\u00a0\u00bb][vc_separator][vc_empty_space height=\u00a0\u00bb1px\u00a0\u00bb][vc_column_text]<\/p>\n<h3><img loading=\"lazy\" class=\"alignnone size-medium wp-image-9291\" src=\"https:\/\/lapomverte.com\/wp-content\/uploads\/2021\/03\/ico_chat_1-1.svg\" alt=\"\" width=\"1\" height=\"1\" \/>Votre propre plateforme de r\u00e9servation.<\/h3>\n<p>Les h\u00f4tes et les guides ont un contr\u00f4le total sur quand, o\u00f9 et \u00e0 quel budget ils souhaitent h\u00e9berger une exp\u00e9rience. La plateforme LaPomVerte est adapt\u00e9e \u00e0 chaque partenaire individuel. Nous prendrions notre temps pour nous assurer que votre plateforme de r\u00e9servation fonctionne \u00e0 vos attentes.[\/vc_column_text][vc_empty_space height=\u00a0\u00bb1px\u00a0\u00bb][vc_column_text]<\/p>\n<h3><img loading=\"lazy\" class=\"alignnone size-medium wp-image-9291\" src=\"https:\/\/lapomverte.com\/wp-content\/uploads\/2021\/03\/ico_chat_1-1.svg\" alt=\"\" width=\"1\" height=\"1\" \/>Je d\u00e9pose mon annonce gratuitement sur la plateforme.<\/h3>\n<p>Cliquez sur \u00ab\u00a0Devenir partenaire\u00a0\u00bb (pr\u00e9sent en haut \u00e0 droite du site) pour d\u00e9poser votre annonce en un clic. Ajoutez les d\u00e9tails de votre logement et\/ou activit\u00e9 et fixez vous-m\u00eame le prix de la prestation. N\u2019oubliez pas d\u2019y ins\u00e9rer quelques photos ![\/vc_column_text][\/vc_column][vc_column width=\u00a0\u00bb1\/2&Prime;][vc_column_text]<\/p>\n<h3><img loading=\"lazy\" class=\"alignnone size-medium wp-image-9291\" src=\"https:\/\/lapomverte.com\/wp-content\/uploads\/2021\/03\/ico_chat_1-1.svg\" alt=\"\" width=\"1\" height=\"1\" \/>Op\u00e9rations de paiement.<\/h3>\n<p>Chez LaPomVerte, nous travaillons \u00e0 la simplification des paiements des clients aux h\u00f4tes ou aux guides. Rapides et transparents, nous nous assurons de travailler \u00e0 l&rsquo;introduction de solutions innovantes pour voyager. Nous visons \u00e0 lisser le lien entre les clients et les h\u00f4tes ou guides, nous pensons que cela donne une meilleure exp\u00e9rience..[\/vc_column_text][vc_empty_space height=\u00a0\u00bb20px\u00a0\u00bb][vc_separator][vc_empty_space height=\u00a0\u00bb1px\u00a0\u00bb][vc_column_text]<\/p>\n<h3><img loading=\"lazy\" class=\"alignnone size-medium wp-image-9291\" src=\"https:\/\/lapomverte.com\/wp-content\/uploads\/2021\/03\/ico_chat_1-1.svg\" alt=\"\" width=\"1\" height=\"1\" \/>Faciliter la communication.<\/h3>\n<p>Chez LaPomVerte, nous avons mis en place une plate-forme qui facilite la communication entre les clients et les h\u00f4tes ou guides. Nous comprenons \u00e0 quel point la communication est importante dans les voyages. Nous nous fixons pour objectif de nous assurer que nous disposons d&rsquo;une plate-forme qui garantit que la communication entre les clients et les h\u00f4tes ou guide se fait au meilleur niveau possible.[\/vc_column_text][\/vc_column][\/vc_row]<\/p>\n","protected":false},"excerpt":{"rendered":"<p>[vc_row full_width=\u00a0\u00bbstretch_row_content_no_spaces\u00a0\u00bb row_fullwidth=\u00a0\u00bbyes\u00a0\u00bb css=\u00a0\u00bb.vc_custom_1614617447881{padding-top: 150px !important;padding-bottom: 150px !important;background-image: url(https:\/\/lapomverte.com\/wp-content\/uploads\/2021\/01\/Paysage_Region_Grand_Est-web.jpg?id=9245) !important;background-position: center !important;background-repeat: no-repeat !important;background-size: cover !important;}\u00a0\u00bb el_class=\u00a0\u00bbtext-center st-become-banner\u00a0\u00bb][vc_column][vc_column_text] Vous souhaitez partager votre passion? Partager vos experiences. [\/vc_column_text][vc_column_text]Je m&rsquo;inscris[\/vc_column_text][\/vc_column][\/vc_row][vc_row][vc_column][vc_empty_space height=\u00a0\u00bb45px\u00a0\u00bb][vc_column_text] Comment \u00e7a marche? [\/vc_column_text][vc_empty_space height=\u00a0\u00bb10px\u00a0\u00bb][\/vc_column][\/vc_row][vc_row el_class=\u00a0\u00bbst-number-box\u00a0\u00bb][vc_column width=\u00a0\u00bb1\/3&Prime;][vc_row_inner][vc_column_inner width=\u00a0\u00bb1\/4&Prime;][vc_column_text el_class=\u00a0\u00bbst-number-circle\u00a0\u00bb]1[\/vc_column_text][\/vc_column_inner][vc_column_inner width=\u00a0\u00bb3\/4&Prime;][vc_column_text] S&rsquo;inscrire \u00c9tapes et guide d&rsquo;inscription faciles pour vous aider \u00e0 d\u00e9marrer votre profil[\/vc_column_text][\/vc_column_inner][\/vc_row_inner][\/vc_column][vc_column width=\u00a0\u00bb1\/3&Prime;][vc_row_inner][vc_column_inner width=\u00a0\u00bb1\/4&Prime;][vc_column_text el_class=\u00a0\u00bbst-number-circle\u00a0\u00bb]2[\/vc_column_text][\/vc_column_inner][vc_column_inner [&hellip;]<\/p>\n","protected":false},"author":1,"featured_media":9169,"parent":0,"menu_order":0,"comment_status":"closed","ping_status":"closed","template":"template-home-modern.php","meta":[],"_links":{"self":[{"href":"https:\/\/lapomverte.com\/index.php\/wp-json\/wp\/v2\/pages\/8208"}],"collection":[{"href":"https:\/\/lapomverte.com\/index.php\/wp-json\/wp\/v2\/pages"}],"about":[{"href":"https:\/\/lapomverte.com\/index.php\/wp-json\/wp\/v2\/types\/page"}],"author":[{"embeddable":true,"href":"https:\/\/lapomverte.com\/index.php\/wp-json\/wp\/v2\/users\/1"}],"replies":[{"embeddable":true,"href":"https:\/\/lapomverte.com\/index.php\/wp-json\/wp\/v2\/comments?post=8208"}],"version-history":[{"count":15,"href":"https:\/\/lapomverte.com\/index.php\/wp-json\/wp\/v2\/pages\/8208\/revisions"}],"predecessor-version":[{"id":9358,"href":"https:\/\/lapomverte.com\/index.php\/wp-json\/wp\/v2\/pages\/8208\/revisions\/9358"}],"wp:featuredmedia":[{"embeddable":true,"href":"https:\/\/lapomverte.com\/index.php\/wp-json\/wp\/v2\/media\/9169"}],"wp:attachment":[{"href":"https:\/\/lapomverte.com\/index.php\/wp-json\/wp\/v2\/media?parent=8208"}],"curies":[{"name":"wp","href":"https:\/\/api.w.org\/{rel}","templated":true}]}}